{"id":18050,"date":"2024-10-04T07:10:31","date_gmt":"2024-10-04T07:10:31","guid":{"rendered":"https:\/\/wordpress-829291-4048106.cloudwaysapps.com\/?page_id=18050"},"modified":"2025-10-03T10:52:21","modified_gmt":"2025-10-03T10:52:21","slug":"contacto","status":"publish","type":"page","link":"https:\/\/www.formaciomiro.com\/es\/contacto\/","title":{"rendered":"Contacto"},"content":{"rendered":"\t\t<div data-elementor-type=\"wp-page\" data-elementor-id=\"18050\" class=\"elementor elementor-18050 elementor-15963\" data-elementor-post-type=\"page\">\n\t\t\t\t<div class=\"elementor-element elementor-element-6e41cef3 e-flex e-con-boxed e-con e-parent\" data-id=\"6e41cef3\" data-element_type=\"container\" data-e-type=\"container\" data-settings=\"{&quot;background_background&quot;:&quot;classic&quot;}\">\n\t\t\t\t\t<div class=\"e-con-inner\">\n\t\t\t\t\t<\/div>\n\t\t\t\t<\/div>\n\t\t<div class=\"elementor-element elementor-element-58c6315 e-flex e-con-boxed e-con e-parent\" data-id=\"58c6315\" data-element_type=\"container\" data-e-type=\"container\" data-settings=\"{&quot;background_background&quot;:&quot;classic&quot;}\">\n\t\t\t\t\t<div class=\"e-con-inner\">\n\t\t\t\t<div class=\"elementor-element elementor-element-328e545 elementor-widget elementor-widget-heading\" data-id=\"328e545\" data-element_type=\"widget\" data-e-type=\"widget\" data-widget_type=\"heading.default\">\n\t\t\t\t<div class=\"elementor-widget-container\">\n\t\t\t\t\t<h1 class=\"elementor-heading-title elementor-size-default\">Contacto<\/h1>\t\t\t\t<\/div>\n\t\t\t\t<\/div>\n\t\t\t\t<div class=\"elementor-element elementor-element-9427421 elementor-widget__width-initial elementor-widget-mobile__width-initial elementor-widget elementor-widget-text-editor\" data-id=\"9427421\" data-element_type=\"widget\" data-e-type=\"widget\" data-widget_type=\"text-editor.default\">\n\t\t\t\t<div class=\"elementor-widget-container\">\n\t\t\t\t\t\t\t\t\t<p>Si quieres ponerte en contacto con nuestros centros de Barcelona o Lleida, puedes hacerlo a trav\u00e9s de cualquiera de los canales que te ofrecemos y te responderemos lo antes posible. En Formaci\u00f3 Mir\u00f3 estaremos encantados de ayudarte y de facilitarte, sin ning\u00fan compromiso, toda la informaci\u00f3n que necesites sobre nuestra oferta formativa o cualquier otra consulta que tengas. <\/p>\n\t\t\t\t\t\t\t\t<\/div>\n\t\t\t\t<\/div>\n\t\t\t\t\t<\/div>\n\t\t\t\t<\/div>\n\t\t<div class=\"elementor-element elementor-element-8c6abe2 e-flex e-con-boxed e-con e-parent\" data-id=\"8c6abe2\" data-element_type=\"container\" data-e-type=\"container\" data-settings=\"{&quot;background_background&quot;:&quot;classic&quot;}\">\n\t\t\t\t\t<div class=\"e-con-inner\">\n\t\t<div class=\"elementor-element elementor-element-04d5726 e-con-full e-flex e-con e-child\" data-id=\"04d5726\" data-element_type=\"container\" data-e-type=\"container\">\n\t\t\t\t<div class=\"elementor-element elementor-element-4046690 elementor-widget elementor-widget-google_maps\" data-id=\"4046690\" data-element_type=\"widget\" data-e-type=\"widget\" data-widget_type=\"google_maps.default\">\n\t\t\t\t<div class=\"elementor-widget-container\">\n\t\t\t\t\t\t\t<div class=\"elementor-custom-embed\">\n\t\t\t<iframe loading=\"lazy\"\n\t\t\t\t\tsrc=\"https:\/\/maps.google.com\/maps?q=Formaci%C3%B3%20Mir%C3%B3%20Barcelona&#038;t=m&#038;z=15&#038;output=embed&#038;iwloc=near\"\n\t\t\t\t\ttitle=\"Formaci\u00f3 Mir\u00f3 Barcelona\"\n\t\t\t\t\taria-label=\"Formaci\u00f3 Mir\u00f3 Barcelona\"\n\t\t\t><\/iframe>\n\t\t<\/div>\n\t\t\t\t\t\t<\/div>\n\t\t\t\t<\/div>\n\t\t\t\t<\/div>\n\t\t<div class=\"elementor-element elementor-element-dd5dd4a e-con-full e-flex e-con e-child\" data-id=\"dd5dd4a\" data-element_type=\"container\" data-e-type=\"container\">\n\t\t\t\t<div class=\"elementor-element elementor-element-2055bdb elementor-widget elementor-widget-google_maps\" data-id=\"2055bdb\" data-element_type=\"widget\" data-e-type=\"widget\" data-widget_type=\"google_maps.default\">\n\t\t\t\t<div class=\"elementor-widget-container\">\n\t\t\t\t\t\t\t<div class=\"elementor-custom-embed\">\n\t\t\t<iframe loading=\"lazy\"\n\t\t\t\t\tsrc=\"https:\/\/maps.google.com\/maps?q=Roca%20Labrador%2014%20Formaci%C3%B3%20Mir%C3%B3%20Lleida&#038;t=m&#038;z=15&#038;output=embed&#038;iwloc=near\"\n\t\t\t\t\ttitle=\"Roca Labrador 14 Formaci\u00f3 Mir\u00f3 Lleida\"\n\t\t\t\t\taria-label=\"Roca Labrador 14 Formaci\u00f3 Mir\u00f3 Lleida\"\n\t\t\t><\/iframe>\n\t\t<\/div>\n\t\t\t\t\t\t<\/div>\n\t\t\t\t<\/div>\n\t\t\t\t<\/div>\n\t\t\t\t\t<\/div>\n\t\t\t\t<\/div>\n\t\t\t\t<\/div>\n\t\t","protected":false},"excerpt":{"rendered":"<p>Contacto Si quieres ponerte en contacto con nuestros centros de Barcelona o Lleida, puedes hacerlo a trav\u00e9s de cualquiera de los canales que te ofrecemos y te responderemos lo antes posible. En Formaci\u00f3 Mir\u00f3 estaremos encantados de ayudarte y de facilitarte, sin ning\u00fan compromiso, toda la informaci\u00f3n que necesites sobre nuestra oferta formativa o cualquier [&hellip;]<\/p>\n","protected":false},"author":2,"featured_media":0,"parent":0,"menu_order":0,"comment_status":"closed","ping_status":"closed","template":"","meta":{"_acf_changed":false,"footnotes":""},"class_list":["post-18050","page","type-page","status-publish","hentry"],"acf":[],"_links":{"self":[{"href":"https:\/\/www.formaciomiro.com\/es\/wp-json\/wp\/v2\/pages\/18050","targetHints":{"allow":["GET"]}}],"collection":[{"href":"https:\/\/www.formaciomiro.com\/es\/wp-json\/wp\/v2\/pages"}],"about":[{"href":"https:\/\/www.formaciomiro.com\/es\/wp-json\/wp\/v2\/types\/page"}],"author":[{"embeddable":true,"href":"https:\/\/www.formaciomiro.com\/es\/wp-json\/wp\/v2\/users\/2"}],"replies":[{"embeddable":true,"href":"https:\/\/www.formaciomiro.com\/es\/wp-json\/wp\/v2\/comments?post=18050"}],"version-history":[{"count":15,"href":"https:\/\/www.formaciomiro.com\/es\/wp-json\/wp\/v2\/pages\/18050\/revisions"}],"predecessor-version":[{"id":32639,"href":"https:\/\/www.formaciomiro.com\/es\/wp-json\/wp\/v2\/pages\/18050\/revisions\/32639"}],"wp:attachment":[{"href":"https:\/\/www.formaciomiro.com\/es\/wp-json\/wp\/v2\/media?parent=18050"}],"curies":[{"name":"wp","href":"https:\/\/api.w.org\/{rel}","templated":true}]}}