{"id":18191,"date":"2023-11-24T11:37:01","date_gmt":"2023-11-24T11:37:01","guid":{"rendered":"https:\/\/wordpress-829291-4048106.cloudwaysapps.com\/carto\/"},"modified":"2025-12-11T11:16:07","modified_gmt":"2025-12-11T11:16:07","slug":"carto","status":"publish","type":"page","link":"https:\/\/www.formaciomiro.com\/es\/carto\/","title":{"rendered":"Carto"},"content":{"rendered":"\n<div data-block-name=\"woocommerce\/cart\" class=\"wp-block-woocommerce-cart alignwide is-loading\">\n<div data-block-name=\"woocommerce\/filled-cart-block\" class=\"wp-block-woocommerce-filled-cart-block\">\n<div data-block-name=\"woocommerce\/cart-items-block\" class=\"wp-block-woocommerce-cart-items-block\">\n<div data-block-name=\"woocommerce\/cart-line-items-block\" class=\"wp-block-woocommerce-cart-line-items-block\"><\/div>\n\n\n\n<div data-block-name=\"woocommerce\/cart-cross-sells-block\" class=\"wp-block-woocommerce-cart-cross-sells-block\">\n<h2 class=\"wp-block-heading has-large-font-size\">You may be interested in\u2026<\/h2>\n\n\n\n<div data-block-name=\"woocommerce\/cart-cross-sells-products-block\" class=\"wp-block-woocommerce-cart-cross-sells-products-block\"><\/div>\n<\/div>\n<\/div>\n\n\n\n<div data-block-name=\"woocommerce\/cart-totals-block\" class=\"wp-block-woocommerce-cart-totals-block\">\n<div data-block-name=\"woocommerce\/cart-order-summary-block\" class=\"wp-block-woocommerce-cart-order-summary-block\">\n<div data-block-name=\"woocommerce\/cart-order-summary-heading-block\" class=\"wp-block-woocommerce-cart-order-summary-heading-block\"><\/div><div data-block-name=\"woocommerce\/cart-order-summary-coupon-form-block\" class=\"wp-block-woocommerce-cart-order-summary-coupon-form-block\"><\/div><div data-block-name=\"woocommerce\/cart-order-summary-totals-block\" class=\"wp-block-woocommerce-cart-order-summary-totals-block\">\n<div data-block-name=\"woocommerce\/cart-order-summary-subtotal-block\" class=\"wp-block-woocommerce-cart-order-summary-subtotal-block\"><\/div>\n<div data-block-name=\"woocommerce\/cart-order-summary-discount-block\" class=\"wp-block-woocommerce-cart-order-summary-discount-block\"><\/div>\n<div data-block-name=\"woocommerce\/cart-order-summary-fee-block\" class=\"wp-block-woocommerce-cart-order-summary-fee-block\"><\/div>\n<div data-block-name=\"woocommerce\/cart-order-summary-shipping-block\" class=\"wp-block-woocommerce-cart-order-summary-shipping-block\"><\/div>\n<div data-block-name=\"woocommerce\/cart-order-summary-taxes-block\" class=\"wp-block-woocommerce-cart-order-summary-taxes-block\"><\/div><\/div>\n<\/div>\n\n\n\n<div data-block-name=\"woocommerce\/cart-express-payment-block\" class=\"wp-block-woocommerce-cart-express-payment-block\"><\/div>\n\n\n\n<div data-block-name=\"woocommerce\/proceed-to-checkout-block\" class=\"wp-block-woocommerce-proceed-to-checkout-block\"><\/div>\n\n\n\n<div data-block-name=\"woocommerce\/cart-accepted-payment-methods-block\" class=\"wp-block-woocommerce-cart-accepted-payment-methods-block\"><\/div>\n<\/div>\n<\/div>\n\n\n\n<div data-block-name=\"woocommerce\/empty-cart-block\" class=\"wp-block-woocommerce-empty-cart-block\">\n<h2 class=\"wp-block-heading has-text-align-center with-empty-cart-icon wc-block-cart__empty-cart__title\">Your cart is currently empty!<\/h2>\n\n\n\n<hr class=\"wp-block-separator has-alpha-channel-opacity is-style-dots\"\/>\n\n\n\n<h2 class=\"wp-block-heading has-text-align-center\">New in store<\/h2>\n\n\n<div data-block-name=\"woocommerce\/product-new\" data-columns=\"4\" data-rows=\"1\" class=\"wc-block-grid wp-block-product-new wp-block-woocommerce-product-new wc-block-product-new has-4-columns\"><ul class=\"wc-block-grid__products\"><li class=\"wc-block-grid__product\">\n\t\t\t\t<a href=\"https:\/\/www.formaciomiro.com\/shop\/comerc-internacional-iniciacio\/\" class=\"wc-block-grid__product-link\">\n\t\t\t\t\t\n\t\t\t\t\t<div class=\"wc-block-grid__product-image\"><img fetchpriority=\"high\" decoding=\"async\" width=\"300\" height=\"300\" src=\"https:\/\/www.formaciomiro.com\/wp-content\/uploads\/pexels-joe-ambrogio-5493554-scaled-1-300x300.jpg\" class=\"attachment-woocommerce_thumbnail size-woocommerce_thumbnail\" alt=\"Comer\u00e7 internacional: Iniciaci\u00f3\" srcset=\"https:\/\/www.formaciomiro.com\/wp-content\/uploads\/pexels-joe-ambrogio-5493554-scaled-1-300x300.jpg 300w, https:\/\/www.formaciomiro.com\/wp-content\/uploads\/pexels-joe-ambrogio-5493554-scaled-1-150x150.jpg 150w, https:\/\/www.formaciomiro.com\/wp-content\/uploads\/pexels-joe-ambrogio-5493554-scaled-1-100x100.jpg 100w\" sizes=\"(max-width: 300px) 100vw, 300px\" \/><\/div>\n\t\t\t\t\t<div class=\"wc-block-grid__product-title\">Comer\u00e7 internacional: Iniciaci\u00f3<\/div>\n\t\t\t\t<\/a>\n\t\t\t\t<div class=\"wc-block-grid__product-price price\"><span class=\"woocommerce-Price-amount amount\">450&nbsp;<span class=\"woocommerce-Price-currencySymbol\">&euro;<\/span><\/span><\/div>\n\t\t\t\t\n\t\t\t\t<div class=\"wp-block-button wc-block-grid__product-add-to-cart\"><a href=\"\/es\/wp-json\/wp\/v2\/pages\/18191?add-to-cart=15894\" aria-label=\"A\u00f1adir al carrito: &ldquo;Comer\u00e7 internacional: Iniciaci\u00f3&rdquo;\" data-quantity=\"1\" data-product_id=\"15894\" data-product_sku=\"\" data-price=\"450\" rel=\"nofollow\" class=\"wp-block-button__link  add_to_cart_button ajax_add_to_cart\">A\u00f1adir al carrito<\/a><\/div>\n\t\t\t<\/li><li class=\"wc-block-grid__product\">\n\t\t\t\t<a href=\"https:\/\/www.formaciomiro.com\/shop\/oratoria-i-construccio-del-discurs-2\/\" class=\"wc-block-grid__product-link\">\n\t\t\t\t\t\n\t\t\t\t\t<div class=\"wc-block-grid__product-image\"><img decoding=\"async\" width=\"300\" height=\"300\" src=\"https:\/\/www.formaciomiro.com\/wp-content\/uploads\/pexels-matheus-bertelli-3856027-scaled-1-300x300.jpg\" class=\"attachment-woocommerce_thumbnail size-woocommerce_thumbnail\" alt=\"Orat\u00f2ria i construcci\u00f3 del discurs\" srcset=\"https:\/\/www.formaciomiro.com\/wp-content\/uploads\/pexels-matheus-bertelli-3856027-scaled-1-300x300.jpg 300w, https:\/\/www.formaciomiro.com\/wp-content\/uploads\/pexels-matheus-bertelli-3856027-scaled-1-150x150.jpg 150w, https:\/\/www.formaciomiro.com\/wp-content\/uploads\/pexels-matheus-bertelli-3856027-scaled-1-100x100.jpg 100w\" sizes=\"(max-width: 300px) 100vw, 300px\" \/><\/div>\n\t\t\t\t\t<div class=\"wc-block-grid__product-title\">Orat\u00f2ria i construcci\u00f3 del discurs<\/div>\n\t\t\t\t<\/a>\n\t\t\t\t<div class=\"wc-block-grid__product-price price\"><span class=\"woocommerce-Price-amount amount\">375&nbsp;<span class=\"woocommerce-Price-currencySymbol\">&euro;<\/span><\/span><\/div>\n\t\t\t\t\n\t\t\t\t<div class=\"wp-block-button wc-block-grid__product-add-to-cart\"><a href=\"\/es\/wp-json\/wp\/v2\/pages\/18191?add-to-cart=15893\" aria-label=\"A\u00f1adir al carrito: &ldquo;Orat\u00f2ria i construcci\u00f3 del discurs&rdquo;\" data-quantity=\"1\" data-product_id=\"15893\" data-product_sku=\"\" data-price=\"375\" rel=\"nofollow\" class=\"wp-block-button__link  add_to_cart_button ajax_add_to_cart\">A\u00f1adir al carrito<\/a><\/div>\n\t\t\t<\/li><li class=\"wc-block-grid__product\">\n\t\t\t\t<a href=\"https:\/\/www.formaciomiro.com\/shop\/google-adwords-i-les-seves-aplicacions-publicitaries\/\" class=\"wc-block-grid__product-link\">\n\t\t\t\t\t\n\t\t\t\t\t<div class=\"wc-block-grid__product-image\"><img decoding=\"async\" width=\"300\" height=\"300\" src=\"https:\/\/www.formaciomiro.com\/wp-content\/uploads\/pexels-pixabay-270669-scaled-1-300x300.jpg\" class=\"attachment-woocommerce_thumbnail size-woocommerce_thumbnail\" alt=\"Google Adwords i les seves aplicacions publicit\u00e0ries\" srcset=\"https:\/\/www.formaciomiro.com\/wp-content\/uploads\/pexels-pixabay-270669-scaled-1-300x300.jpg 300w, https:\/\/www.formaciomiro.com\/wp-content\/uploads\/pexels-pixabay-270669-scaled-1-150x150.jpg 150w, https:\/\/www.formaciomiro.com\/wp-content\/uploads\/pexels-pixabay-270669-scaled-1-100x100.jpg 100w\" sizes=\"(max-width: 300px) 100vw, 300px\" \/><\/div>\n\t\t\t\t\t<div class=\"wc-block-grid__product-title\">Google Adwords i les seves aplicacions publicit\u00e0ries<\/div>\n\t\t\t\t<\/a>\n\t\t\t\t<div class=\"wc-block-grid__product-price price\"><span class=\"woocommerce-Price-amount amount\">225&nbsp;<span class=\"woocommerce-Price-currencySymbol\">&euro;<\/span><\/span><\/div>\n\t\t\t\t\n\t\t\t\t<div class=\"wp-block-button wc-block-grid__product-add-to-cart\"><a href=\"\/es\/wp-json\/wp\/v2\/pages\/18191?add-to-cart=15892\" aria-label=\"A\u00f1adir al carrito: &ldquo;Google Adwords i les seves aplicacions publicit\u00e0ries&rdquo;\" data-quantity=\"1\" data-product_id=\"15892\" data-product_sku=\"\" data-price=\"225\" rel=\"nofollow\" class=\"wp-block-button__link  add_to_cart_button ajax_add_to_cart\">A\u00f1adir al carrito<\/a><\/div>\n\t\t\t<\/li><li class=\"wc-block-grid__product\">\n\t\t\t\t<a href=\"https:\/\/www.formaciomiro.com\/shop\/intel%c2%b7ligencia-emocional-a-lempresa\/\" class=\"wc-block-grid__product-link\">\n\t\t\t\t\t\n\t\t\t\t\t<div class=\"wc-block-grid__product-image\"><img loading=\"lazy\" decoding=\"async\" width=\"300\" height=\"300\" src=\"https:\/\/www.formaciomiro.com\/wp-content\/uploads\/pexels-pixabay-355948-300x300.jpg\" class=\"attachment-woocommerce_thumbnail size-woocommerce_thumbnail\" alt=\"Intel\u00b7lig\u00e8ncia emocional a l&#039;empresa\" srcset=\"https:\/\/www.formaciomiro.com\/wp-content\/uploads\/pexels-pixabay-355948-300x300.jpg 300w, https:\/\/www.formaciomiro.com\/wp-content\/uploads\/pexels-pixabay-355948-150x150.jpg 150w, https:\/\/www.formaciomiro.com\/wp-content\/uploads\/pexels-pixabay-355948-100x100.jpg 100w\" sizes=\"(max-width: 300px) 100vw, 300px\" \/><\/div>\n\t\t\t\t\t<div class=\"wc-block-grid__product-title\">Intel\u00b7lig\u00e8ncia emocional a l&#8217;empresa<\/div>\n\t\t\t\t<\/a>\n\t\t\t\t<div class=\"wc-block-grid__product-price price\"><span class=\"woocommerce-Price-amount amount\">300&nbsp;<span class=\"woocommerce-Price-currencySymbol\">&euro;<\/span><\/span><\/div>\n\t\t\t\t\n\t\t\t\t<div class=\"wp-block-button wc-block-grid__product-add-to-cart\"><a href=\"\/es\/wp-json\/wp\/v2\/pages\/18191?add-to-cart=15891\" aria-label=\"A\u00f1adir al carrito: &ldquo;Intel\u00b7lig\u00e8ncia emocional a l&#039;empresa&rdquo;\" data-quantity=\"1\" data-product_id=\"15891\" data-product_sku=\"\" data-price=\"300\" rel=\"nofollow\" class=\"wp-block-button__link  add_to_cart_button ajax_add_to_cart\">A\u00f1adir al carrito<\/a><\/div>\n\t\t\t<\/li><\/ul><\/div><\/div>\n<\/div>\n","protected":false},"excerpt":{"rendered":"","protected":false},"author":1,"featured_media":0,"parent":0,"menu_order":0,"comment_status":"closed","ping_status":"closed","template":"","meta":{"_acf_changed":false,"footnotes":""},"class_list":["post-18191","page","type-page","status-publish","hentry"],"acf":[],"_links":{"self":[{"href":"https:\/\/www.formaciomiro.com\/es\/wp-json\/wp\/v2\/pages\/18191","targetHints":{"allow":["GET"]}}],"collection":[{"href":"https:\/\/www.formaciomiro.com\/es\/wp-json\/wp\/v2\/pages"}],"about":[{"href":"https:\/\/www.formaciomiro.com\/es\/wp-json\/wp\/v2\/types\/page"}],"author":[{"embeddable":true,"href":"https:\/\/www.formaciomiro.com\/es\/wp-json\/wp\/v2\/users\/1"}],"replies":[{"embeddable":true,"href":"https:\/\/www.formaciomiro.com\/es\/wp-json\/wp\/v2\/comments?post=18191"}],"version-history":[{"count":2,"href":"https:\/\/www.formaciomiro.com\/es\/wp-json\/wp\/v2\/pages\/18191\/revisions"}],"predecessor-version":[{"id":18194,"href":"https:\/\/www.formaciomiro.com\/es\/wp-json\/wp\/v2\/pages\/18191\/revisions\/18194"}],"wp:attachment":[{"href":"https:\/\/www.formaciomiro.com\/es\/wp-json\/wp\/v2\/media?parent=18191"}],"curies":[{"name":"wp","href":"https:\/\/api.w.org\/{rel}","templated":true}]}}