{"id":30434,"date":"2025-05-29T10:26:41","date_gmt":"2025-05-29T10:26:41","guid":{"rendered":"https:\/\/www.formaciomiro.com\/politica-de-privacidad\/"},"modified":"2025-06-10T07:48:02","modified_gmt":"2025-06-10T07:48:02","slug":"politica-de-privacidad","status":"publish","type":"page","link":"https:\/\/www.formaciomiro.com\/es\/politica-de-privacidad\/","title":{"rendered":"POL\u00cdTICA DE PRIVACIDAD"},"content":{"rendered":"\n<p>POL\u00cdTICA DE PRIVACIDAD \u2013 SITIO WEB DE FORMACI\u00d3N MIR\u00d3<br\/>Fecha de entrada en vigor: 01\/01\/2025<br\/>Esta Pol\u00edtica de Privacidad describe c\u00f3mo CENTRO DE FORMACI\u00d3N MIR\u00d3 SL recopila,<br\/>utiliza y protege los datos personales que los usuarios proporcionan a trav\u00e9s del sitio web<br\/>www.formaciomiro.com.<\/p>\n\n<ol class=\"wp-block-list\">\n<li>IDENTIDAD DEL RESPONSABLE DEL TRATAMIENTO<br\/>Nombre legal: CENTRE DE FORMACI\u00d3 MIR\u00d3 SL<br\/>CIF: B25745001<br\/>Direcci\u00f3n: c\/ Roca Labrador 14, 1\u00ba-2\u00aa, 25004 Lleida, Espanya<br\/>Correo electr\u00f3nico de contacto: lleida@formaciomiro.com<\/li>\n\n\n\n<li>DATOS PERSONALES QUE RECOPILAMOS<br\/>A trav\u00e9s del sitio web, podemos recopilar y tratar los siguientes datos personales:<br\/>\u00b7 Nombre y apellidos.<br\/>\u00b7 Correo electr\u00f3nico.<br\/>\u00b7 Tel\u00e9fono de contacto.<br\/>\u00b7 Informaci\u00f3n acad\u00e9mica o profesional relacionada con los cursos\/formaciones.<br\/>\u00b7 Cualquier otra informaci\u00f3n que el usuario proporcione voluntariamente.<\/li>\n\n\n\n<li>FINALIDAD DEL TRATAMIENTO<br\/>Los datos recopilados se tratan con las siguientes finalidades:<br\/>\u00b7 Gestionar la inscripci\u00f3n y participaci\u00f3n en cursos y actividades formativas.<br\/>\u00b7 Responder consultas y solicitudes de informaci\u00f3n.<br\/>\u00b7 Enviar comunicaciones relacionadas con los servicios ofrecidos, como recordatorios, avisos o<br\/>novedades.<br\/>\u00b7 Cumplir con obligaciones legales o contractuales.<\/li>\n\n\n\n<li>LEGITIMACI\u00d3N<br\/>Las bases jur\u00eddicas que legitiman el tratamiento de los datos son:<br\/>\u00b7 El consentimiento expreso del usuario.<br\/>\u00b7 La ejecuci\u00f3n de un contrato o servicio solicitado.<br\/>\u00b7 El cumplimiento de obligaciones legales.<br\/>\u00b7 El inter\u00e9s leg\u00edtimo de CENTRO DE FORMACI\u00d3N MIR\u00d3 SL, por ejemplo, por mejorar<br\/>servicios ofrecidos o atender mejor las necesidades de los usuarios.<\/li>\n\n\n\n<li>CONSERVACI\u00d3N DE LOS DATOS<br\/>Los datos se conservar\u00e1n mientras sean necesarios para las finalidades indicadas y durante los<br\/>plazos legales correspondientes. Una vez finalizado este per\u00edodo, se proceder\u00e1 a su eliminaci\u00f3n<br\/>o anonimizaci\u00f3n. <\/li>\n\n\n\n<li>COMUNICACI\u00d3N DE DATOS A TERCEROS<\/li>\n<\/ol>\n\n<p>S\u00f3lo se comunicar\u00e1n datos a terceros en los siguientes casos:<br\/>\u00b7 Cuando sea exigible legalmente.<br\/>\u00b7 A proveedores de servicios tecnol\u00f3gicos o educativos que colaboren en la gesti\u00f3n del puesto<br\/>web, siempre mediante contratos que garanticen la confidencialidad y seguridad de las<br\/>datos.<\/p>\n\n<ol start=\"7\" class=\"wp-block-list\">\n<li>DERECHOS DE LAS PERSONAS USUARIAS<br\/>Como usuario o usuaria, puedes ejercer tus derechos de acceso, rectificaci\u00f3n, supresi\u00f3n, oposici\u00f3n,<br\/>limitaci\u00f3n y portabilidad. Para ello, puedes enviar una solicitud a lleida@formaciomiro.com,<br\/>adjuntando una copia de tu documento de identidad. <\/li>\n\n\n\n<li>MEDIDAS DE SEGURIDAD<br\/>Hemos implementado medidas t\u00e9cnicas y organizativas adecuadas para proteger la confidencialidad y<br\/>la integridad de los datos personales de los usuarios.<\/li>\n\n\n\n<li>MODIFICACIONES DE LA POL\u00cdTICA DE PRIVACIDAD<br\/>Nos reservamos el derecho a modificar la presente pol\u00edtica de privacidad para adaptarla a cambios<br\/>legislativos o mejoras en el sitio web. En caso de modificaciones significativas, se comunicar\u00e1 a<br\/>a trav\u00e9s de la misma web u otros medios. <\/li>\n<\/ol>\n","protected":false},"excerpt":{"rendered":"<p>POL\u00cdTICA DE PRIVACIDAD \u2013 SITIO WEB DE FORMACI\u00d3N MIR\u00d3Fecha de entrada en vigor: 01\/01\/2025Esta Pol\u00edtica de Privacidad describe c\u00f3mo CENTRO DE FORMACI\u00d3N MIR\u00d3 SL recopila,utiliza y protege los datos personales que los usuarios proporcionan a trav\u00e9s del sitio webwww.formaciomiro.com. S\u00f3lo se comunicar\u00e1n datos a terceros en los siguientes casos:\u00b7 Cuando sea exigible legalmente.\u00b7 A proveedores [&hellip;]<\/p>\n","protected":false},"author":1,"featured_media":0,"parent":0,"menu_order":0,"comment_status":"closed","ping_status":"closed","template":"","meta":{"_acf_changed":false,"footnotes":""},"class_list":["post-30434","page","type-page","status-publish","hentry"],"acf":[],"_links":{"self":[{"href":"https:\/\/www.formaciomiro.com\/es\/wp-json\/wp\/v2\/pages\/30434","targetHints":{"allow":["GET"]}}],"collection":[{"href":"https:\/\/www.formaciomiro.com\/es\/wp-json\/wp\/v2\/pages"}],"about":[{"href":"https:\/\/www.formaciomiro.com\/es\/wp-json\/wp\/v2\/types\/page"}],"author":[{"embeddable":true,"href":"https:\/\/www.formaciomiro.com\/es\/wp-json\/wp\/v2\/users\/1"}],"replies":[{"embeddable":true,"href":"https:\/\/www.formaciomiro.com\/es\/wp-json\/wp\/v2\/comments?post=30434"}],"version-history":[{"count":2,"href":"https:\/\/www.formaciomiro.com\/es\/wp-json\/wp\/v2\/pages\/30434\/revisions"}],"predecessor-version":[{"id":30436,"href":"https:\/\/www.formaciomiro.com\/es\/wp-json\/wp\/v2\/pages\/30434\/revisions\/30436"}],"wp:attachment":[{"href":"https:\/\/www.formaciomiro.com\/es\/wp-json\/wp\/v2\/media?parent=30434"}],"curies":[{"name":"wp","href":"https:\/\/api.w.org\/{rel}","templated":true}]}}