{"id":35079,"date":"2026-03-11T09:48:52","date_gmt":"2026-03-11T09:48:52","guid":{"rendered":"https:\/\/www.formaciomiro.com\/politica-de-calidad\/"},"modified":"2026-03-11T10:06:16","modified_gmt":"2026-03-11T10:06:16","slug":"politica-de-calidad","status":"publish","type":"page","link":"https:\/\/www.formaciomiro.com\/es\/politica-de-calidad\/","title":{"rendered":"Pol\u00edtica de Calidad"},"content":{"rendered":"\t\t<div data-elementor-type=\"wp-page\" data-elementor-id=\"35079\" class=\"elementor elementor-35079 elementor-35073\" data-elementor-post-type=\"page\">\n\t\t\t\t<div class=\"elementor-element elementor-element-4745264 e-flex e-con-boxed e-con e-parent\" data-id=\"4745264\" data-element_type=\"container\" data-e-type=\"container\">\n\t\t\t\t\t<div class=\"e-con-inner\">\n\t\t\t\t<div class=\"elementor-element elementor-element-67de1b1 elementor-widget elementor-widget-text-editor\" data-id=\"67de1b1\" data-element_type=\"widget\" data-e-type=\"widget\" data-widget_type=\"text-editor.default\">\n\t\t\t\t<div class=\"elementor-widget-container\">\n\t\t\t\t\t\t\t\t\t<p>PG 521.01<br>Fecha: Junio 2018<br>Rev.1<\/p>\t\t\t\t\t\t\t\t<\/div>\n\t\t\t\t<\/div>\n\t\t\t\t\t<\/div>\n\t\t\t\t<\/div>\n\t\t<div class=\"elementor-element elementor-element-a97eb70 e-flex e-con-boxed e-con e-parent\" data-id=\"a97eb70\" data-element_type=\"container\" data-e-type=\"container\">\n\t\t\t\t\t<div class=\"e-con-inner\">\n\t\t\t\t<div class=\"elementor-element elementor-element-1b1ea4e elementor-widget elementor-widget-heading\" data-id=\"1b1ea4e\" data-element_type=\"widget\" data-e-type=\"widget\" data-widget_type=\"heading.default\">\n\t\t\t\t<div class=\"elementor-widget-container\">\n\t\t\t\t\t<h2 class=\"elementor-heading-title elementor-size-default\">POL\u00cdTICA DE CALIDAD DE LA EMPRESA<\/h2>\t\t\t\t<\/div>\n\t\t\t\t<\/div>\n\t\t\t\t\t<\/div>\n\t\t\t\t<\/div>\n\t\t<div class=\"elementor-element elementor-element-4cb3f8e e-flex e-con-boxed e-con e-parent\" data-id=\"4cb3f8e\" data-element_type=\"container\" data-e-type=\"container\">\n\t\t\t\t\t<div class=\"e-con-inner\">\n\t\t\t\t<div class=\"elementor-element elementor-element-d306882 elementor-widget elementor-widget-text-editor\" data-id=\"d306882\" data-element_type=\"widget\" data-e-type=\"widget\" data-widget_type=\"text-editor.default\">\n\t\t\t\t<div class=\"elementor-widget-container\">\n\t\t\t\t\t\t\t\t\t<ul><li>  Nuestro OBJETIVO PRINCIPAL es ofrecer una formaci\u00f3n adecuada a la demanda<br>de nuestra sociedad para que los alumnos puedan tener una inserci\u00f3n en el<br>mundo laboral r\u00e1pida y gratificante.<\/li><li>Disponer de una organizaci\u00f3n capaz de garantizar el cumplimiento de sus<br>responsabilidades tanto organizadoras como de servicio.<\/li><li>Analizar todos los riesgos que se pueden generar por las partes interesadas que<br>son pertinentes al sistema de gesti\u00f3n de la calidad.<\/li><li>Mantener y aumentar el nivel de conocimientos y formaci\u00f3n de sus<br>trabajadores para poder ofrecer un servicio eficiente.<\/li><li>Nos comprometemos con la mejora de nuestros productos y servicios.<\/li><li>Compromiso de mejorar la eficacia y cumplir con los requisitos del<br>Sistema de Calidad y la normativa legal vigente.<\/li><li>Actualizaci\u00f3n peri\u00f3dica de la Pol\u00edtica de Calidad, dar respuesta a las posibles<br>modificaciones y mantener el control y an\u00e1lisis de las mismas.<\/li><li>Cumplir con los requisitos legales y reglamentarios as\u00ed como con las expectativas<br>de los clientes.<\/li><\/ul>\t\t\t\t\t\t\t\t<\/div>\n\t\t\t\t<\/div>\n\t\t\t\t\t<\/div>\n\t\t\t\t<\/div>\n\t\t<div class=\"elementor-element elementor-element-e80e17d e-flex e-con-boxed e-con e-parent\" data-id=\"e80e17d\" data-element_type=\"container\" data-e-type=\"container\">\n\t\t\t\t\t<div class=\"e-con-inner\">\n\t\t\t\t<div class=\"elementor-element elementor-element-812113c elementor-widget elementor-widget-text-editor\" data-id=\"812113c\" data-element_type=\"widget\" data-e-type=\"widget\" data-widget_type=\"text-editor.default\">\n\t\t\t\t<div class=\"elementor-widget-container\">\n\t\t\t\t\t\t\t\t\t<p>La Direcci\u00f3n<br>02 de febrero de 2026<\/p>\t\t\t\t\t\t\t\t<\/div>\n\t\t\t\t<\/div>\n\t\t\t\t\t<\/div>\n\t\t\t\t<\/div>\n\t\t\t\t<\/div>\n\t\t","protected":false},"excerpt":{"rendered":"<p>PG 521.01Fecha: Junio 2018Rev.1 POL\u00cdTICA DE CALIDAD DE LA EMPRESA Nuestro OBJETIVO PRINCIPAL es ofrecer una formaci\u00f3n adecuada a la demandade nuestra sociedad para que los alumnos puedan tener una inserci\u00f3n en elmundo laboral r\u00e1pida y gratificante. Disponer de una organizaci\u00f3n capaz de garantizar el cumplimiento de susresponsabilidades tanto organizadoras como de servicio. Analizar todos [&hellip;]<\/p>\n","protected":false},"author":1,"featured_media":0,"parent":0,"menu_order":0,"comment_status":"closed","ping_status":"closed","template":"","meta":{"_acf_changed":false,"footnotes":""},"class_list":["post-35079","page","type-page","status-publish","hentry"],"acf":[],"_links":{"self":[{"href":"https:\/\/www.formaciomiro.com\/es\/wp-json\/wp\/v2\/pages\/35079","targetHints":{"allow":["GET"]}}],"collection":[{"href":"https:\/\/www.formaciomiro.com\/es\/wp-json\/wp\/v2\/pages"}],"about":[{"href":"https:\/\/www.formaciomiro.com\/es\/wp-json\/wp\/v2\/types\/page"}],"author":[{"embeddable":true,"href":"https:\/\/www.formaciomiro.com\/es\/wp-json\/wp\/v2\/users\/1"}],"replies":[{"embeddable":true,"href":"https:\/\/www.formaciomiro.com\/es\/wp-json\/wp\/v2\/comments?post=35079"}],"version-history":[{"count":3,"href":"https:\/\/www.formaciomiro.com\/es\/wp-json\/wp\/v2\/pages\/35079\/revisions"}],"predecessor-version":[{"id":35090,"href":"https:\/\/www.formaciomiro.com\/es\/wp-json\/wp\/v2\/pages\/35079\/revisions\/35090"}],"wp:attachment":[{"href":"https:\/\/www.formaciomiro.com\/es\/wp-json\/wp\/v2\/media?parent=35079"}],"curies":[{"name":"wp","href":"https:\/\/api.w.org\/{rel}","templated":true}]}}