{"id":35137,"date":"2026-03-27T12:31:36","date_gmt":"2026-03-27T12:31:36","guid":{"rendered":"https:\/\/www.formaciomiro.com\/proteccion-de-datos\/"},"modified":"2026-03-27T12:40:08","modified_gmt":"2026-03-27T12:40:08","slug":"proteccion-de-datos","status":"publish","type":"page","link":"https:\/\/www.formaciomiro.com\/es\/proteccion-de-datos\/","title":{"rendered":"Protecci\u00f3n de Datos"},"content":{"rendered":"\n<p><strong>NUESTRO COMPROMISO CON LA PROTECCI\u00d3N DE DATOS PERSONALES: \u00abPERSONAS INFORMADAS Y DATOS PROTEGIDOS\u00bb<\/strong><\/p>\n\n<p>La Direcci\u00f3n \/ \u00d3rgano de Gobierno de  <strong>CENTRE de FORMACI\u00d3 MIR\u00d3 SLU <\/strong>(en adelante, el responsable del tratamiento), asume la m\u00e1xima responsabilidad y compromiso con el establecimiento, la implementaci\u00f3n y el mantenimiento de la presente Pol\u00edtica de Protecci\u00f3n de Datos, garantizando la mejora continua del responsable del tratamiento con el objetivo de alcanzar la excelencia en relaci\u00f3n con el cumplimiento del Reglamento (UE) 2016\/69 2016, relativo a la protecci\u00f3n de las personas f\u00edsicas en cuanto al tratamiento de datos personales y a la libre circulaci\u00f3n de estos datos y por el por el que se deroga la Directiva 95\/46\/CE (Reglamento general de protecci\u00f3n de datos) (DOUE L 119\/1, 04-05-2016), y de la normativa espa\u00f1ola de protecci\u00f3n de datos.<\/p>\n\n<p>La Pol\u00edtica de Protecci\u00f3n de Datos de <strong>CENTRE de FORMACI\u00d3 MIR\u00d3 SLU <\/strong>descansa en el <mark style=\"background-color:rgba(0, 0, 0, 0)\" class=\"has-inline-color has-luminous-vivid-amber-color\">principio de responsabilidad proactiva<\/mark>, seg\u00fan el cual el responsable del tratamiento es responsable del cumplimiento del marco normativo y jurisprudencial que gobierna esta Pol\u00edtica, y es capaz de demostrarlo ante las autoridades de control competentes.<\/p>\n\n<p>En este sentido, el responsable del tratamiento se regir\u00e1 por los principios siguientes que deben servir a todo su personal como gu\u00eda y marco de referencia en el tratamiento de datos personales:<\/p>\n\n<p>Protecci\u00f3n de datos desde el dise\u00f1o: el responsable del tratamiento aplicar\u00e1, tanto en el momento de determinar los medios de tratamiento como en el momento del propio tratamiento, medidas t\u00e9cnicas y organizativas apropiadas, como la pseudonimizaci\u00f3n, concebidas para aplicar de manera efectiva los principios de protecci\u00f3n de datos, como la minimizaci\u00f3n de datos, e integrar las garant\u00edas necesarias en el tratamiento.<\/p>\n\n<p>Protecci\u00f3n de datos por defecto: el responsable del tratamiento aplicar\u00e1 las medidas t\u00e9cnicas y organizativas apropiadas con vistas a garantizar que, por defecto, s\u00f3lo sean objeto de tratamiento los datos personales que sean necesarios para cada uno de los fines espec\u00edficos del tratamiento.<\/p>\n\n<p>Protecci\u00f3n de datos en el ciclo de vida de la informaci\u00f3n: las medidas que garanticen la protecci\u00f3n de los datos personales ser\u00e1n aplicables durante el ciclo completo de la vida de la informaci\u00f3n.<\/p>\n\n<p>Licitud, lealtad y transparencia: los datos personales ser\u00e1n tratados de manera l\u00edcita, leal y transparente en relaci\u00f3n con linteresado.<\/p>\n\n<p>Limitaci\u00f3n de la finalidad: los datos personales ser\u00e1n recogidos con fines determinados, expl\u00edcitos y leg\u00edtimos, y no ser\u00e1n tratados ulteriormente de manera incompatible con estos fines.<\/p>\n\n<p>Minimizaci\u00f3n de datos: los datos personales ser\u00e1n adecuados, pertinentes y limitados a lo que sea necesario en relaci\u00f3n con las finalidades para las que son tratadas.<\/p>\n\n<p>Exactitud: los datos personales ser\u00e1n exactos y, si es necesario, actualizados; se adoptar\u00e1n todas las medidas razonables para que se supriman o rectifiquen sin dilaci\u00f3n los datos personales que sean inexactos respecto a las finalidades para las que se tratan.<\/p>\n\n<p>Limitaci\u00f3n del plazo de conservaci\u00f3n: los datos personales ser\u00e1n mantenidas de manera que se permita la identificaci\u00f3n de los interesados durante no m\u00e1s tiempo del necesario para los fines del tratamiento de los datos personales.<\/p>\n\n<p>Integridad y confidencialidad: los datos personales ser\u00e1n tratados de manera que se garantice una seguridad adecuada de los datos personales, incluida la protecci\u00f3n contra el tratamiento no autorizado o il\u00edcito y contra su p\u00e9rdida, destrucci\u00f3n o da\u00f1o accidental, mediante la aplicaci\u00f3n de medidas t\u00e9cnicas u organizativas apropiadas.<\/p>\n\n<p>Informaci\u00f3n y formaci\u00f3n: una de las claves para garantizar la protecci\u00f3n de los datos personales es la formaci\u00f3n e informaci\u00f3n que se facilite al personal involucrado en el tratamiento de los datos personales. Durante el ciclo de vida de la informaci\u00f3n, todo el personal con acceso a los datos ser\u00e1 convenientemente formado e informado sobre sus obligaciones en relaci\u00f3n con el cumplimiento de la normativa de protecci\u00f3n de datos. <\/p>\n\n<p>La Pol\u00edtica de Protecci\u00f3n de Datos de <strong>CENTRE de FORMACI\u00d3 MIR\u00d3 SLU <\/strong>es comunicada a todo el personal del responsable del tratamiento y puesta a disposici\u00f3n de todas las partes interesadas.<\/p>\n\n<p>En consecuencia, esta Pol\u00edtica de Protecci\u00f3n de Datos involucra a todo el personal del responsable del tratamiento, que debe conocerla y asumirla, consider\u00e1ndola como propia, y cada miembro responsable de aplicarla y de verificar las normas de protecci\u00f3n de datos aplicables a su actividad, as\u00ed como identificar y aportar las oportunidades de mejora que considere oportunas con el objetivo de alcanzar la excelencia en relaci\u00f3n con su cumplimiento.<\/p>\n\n<p>Esta Pol\u00edtica ser\u00e1 revisada por la Direcci\u00f3n\/\u00d3rgano de Gobierno de <strong>CENTRE de FORMACI\u00d3 MIR\u00d3 SLU<\/strong>, tantas veces como se considere necesario, para adecuarse, en todo caso.<\/p>\n","protected":false},"excerpt":{"rendered":"<p>NUESTRO COMPROMISO CON LA PROTECCI\u00d3N DE DATOS PERSONALES: \u00abPERSONAS INFORMADAS Y DATOS PROTEGIDOS\u00bb La Direcci\u00f3n \/ \u00d3rgano de Gobierno de CENTRE de FORMACI\u00d3 MIR\u00d3 SLU (en adelante, el responsable del tratamiento), asume la m\u00e1xima responsabilidad y compromiso con el establecimiento, la implementaci\u00f3n y el mantenimiento de la presente Pol\u00edtica de Protecci\u00f3n de Datos, garantizando la [&hellip;]<\/p>\n","protected":false},"author":1,"featured_media":0,"parent":0,"menu_order":0,"comment_status":"closed","ping_status":"closed","template":"","meta":{"_acf_changed":false,"footnotes":""},"class_list":["post-35137","page","type-page","status-publish","hentry"],"acf":[],"_links":{"self":[{"href":"https:\/\/www.formaciomiro.com\/es\/wp-json\/wp\/v2\/pages\/35137","targetHints":{"allow":["GET"]}}],"collection":[{"href":"https:\/\/www.formaciomiro.com\/es\/wp-json\/wp\/v2\/pages"}],"about":[{"href":"https:\/\/www.formaciomiro.com\/es\/wp-json\/wp\/v2\/types\/page"}],"author":[{"embeddable":true,"href":"https:\/\/www.formaciomiro.com\/es\/wp-json\/wp\/v2\/users\/1"}],"replies":[{"embeddable":true,"href":"https:\/\/www.formaciomiro.com\/es\/wp-json\/wp\/v2\/comments?post=35137"}],"version-history":[{"count":1,"href":"https:\/\/www.formaciomiro.com\/es\/wp-json\/wp\/v2\/pages\/35137\/revisions"}],"predecessor-version":[{"id":35138,"href":"https:\/\/www.formaciomiro.com\/es\/wp-json\/wp\/v2\/pages\/35137\/revisions\/35138"}],"wp:attachment":[{"href":"https:\/\/www.formaciomiro.com\/es\/wp-json\/wp\/v2\/media?parent=35137"}],"curies":[{"name":"wp","href":"https:\/\/api.w.org\/{rel}","templated":true}]}}