{"id":35148,"date":"2026-03-30T11:24:59","date_gmt":"2026-03-30T11:24:59","guid":{"rendered":"https:\/\/www.formaciomiro.com\/politica-de-cookies\/"},"modified":"2026-03-30T11:34:24","modified_gmt":"2026-03-30T11:34:24","slug":"politica-de-cookies","status":"publish","type":"page","link":"https:\/\/www.formaciomiro.com\/es\/politica-de-cookies\/","title":{"rendered":"Pol\u00edtica de cookies"},"content":{"rendered":"\n<p><strong>POL\u00cdTICA DE COOKIES<\/strong><\/p>\n\n<p>Bienvenida\/a a la <strong>POL\u00cdTICA DE COOKIES<\/strong> de la p\u00e1gina web de la entidad CENTRE de FORMACI\u00d3 MIR\u00d3 SLU, provista de NIF B25745001, donde te explicaremos en un lenguaje claro y sencillo todas las cuestiones necesarias para que puedas tener el control sobre la base de tus decisiones personales.<\/p>\n\n<ul class=\"wp-block-list\">\n<li><strong>\u00bfQU\u00c9 SON LAS COOKIES Y POR QU\u00c9 LAS USAMOS?<\/strong><\/li>\n<\/ul>\n\n<p>Una galleta o galleta inform\u00e1tica es un peque\u00f1o archivo de informaci\u00f3n que se guarda en tu ordenador, \u00absmartphone\u00bb o tableta cada vez que visitas nuestra p\u00e1gina web.  <\/p>\n\n<p>En principio, una galleta es inofensiva: no contiene virus, troyanos, gusanos, etc. que puedan da\u00f1ar tu terminal, pero s\u00ed tiene cierto impacto sobre tu derecho a la protecci\u00f3n de tus datos personales, ya que recoge determinada informaci\u00f3n concerniente a tu persona (h\u00e1bitos de navegaci\u00f3n, identidad, preferencias, etc.).<\/p>\n\n<p>Es por ello que, en base a lo establecido en la normativa aplicable (LSSI y normativa vigente de protecci\u00f3n de datos personales), la activaci\u00f3n de determinados tipos de cookies necesitar\u00e1 tu autorizaci\u00f3n previa.  <\/p>\n\n<p>Antes de eso, os daremos alguna informaci\u00f3n adicional que os ayudar\u00e1 a una mejor toma de decisiones al respecto:  <\/p>\n\n<ol class=\"wp-block-list\">\n<li>Las galletas pueden ser de diversos tipos en funci\u00f3n de su finalidad:<\/li>\n<\/ol>\n\n<ul class=\"wp-block-list\">\n<li>Las cookies t\u00e9cnicas son necesarias para que nuestra p\u00e1gina web pueda funcionar, no necesitan tu autorizaci\u00f3n y son las \u00fanicas que tenemos activadas por defecto.<\/li>\n\n\n\n<li>El resto de cookies sirven para mejorar nuestra p\u00e1gina, para personalizarla en base a tus preferencias, o para poder mostrar publicidad ajustada a tus b\u00fasquedas, gustos e intereses personales. Puedes aceptar todas estas galletas apretando el bot\u00f3n <strong>ACEPTAR<\/strong>, rechazarlas apretando el bot\u00f3n <strong>RECHAZAR<\/strong> o configurarlas clicando en el apartado <strong>CONFIGURACI\u00d3N DE COOKIES<\/strong>. <\/li>\n<\/ul>\n\n<ol start=\"2\" class=\"wp-block-list\">\n<li>Algunas galletas son las nuestras (las llamaremos <strong>cookies propias<\/strong>) y otras pertenecen a empresas externas que prestan servicios para nuestra p\u00e1gina web (las llamaremos <strong>cookies de terceros<\/strong>: un ejemplo podr\u00edan ser las galletas de proveedores externos como Google). En este sentido, es importante que sepas que algunos de estos proveedores externos pueden estar ubicados fuera de Espa\u00f1a.   <\/li>\n<\/ol>\n\n<p>A nivel mundial, no todos los pa\u00edses tienen un mismo nivel de protecci\u00f3n de datos, y hay algunos pa\u00edses m\u00e1s seguros que otros (por ejemplo, la Uni\u00f3n Europea es un entorno seguro para tus datos). Nuestra pol\u00edtica es recurrir a proveedores de confianza que, con independencia de que se encuentren o no ubicados en la Uni\u00f3n Europea, hayan adoptado las garant\u00edas adecuadas para la protecci\u00f3n de tu informaci\u00f3n personal. No obstante, en el apartado denominado <strong>\u00bfQU\u00c9 TIPO DE COOKIES SE UTILIZAN ACTUALMENTE EN NUESTRA P\u00c1GINA WEB?<\/strong>, puedes consultar las diferentes Pol\u00edticas de privacidad y protecci\u00f3n de datos de cada uno de los referidos proveedores externos, con el fin de tomar una decisi\u00f3n consciente sobre la activaci\u00f3n o no de las <strong>cookies de terceros<\/strong> que utiliza nuestra p\u00e1gina web.    <\/p>\n\n<ol start=\"3\" class=\"wp-block-list\">\n<li>Finalmente, indicarte que, en funci\u00f3n del plazo de tiempo que permanecen activas, las galletas pueden ser de dos tipos:<\/li>\n<\/ol>\n\n<ul class=\"wp-block-list\">\n<li><strong>Cookies de sesi\u00f3n:<\/strong> exiran autom\u00e1ticamente cuando acabas la sesi\u00f3n en tu ordenador, \u00absmartphone\u00bb o tableta. Suelen usarse para conservar la informaci\u00f3n necesaria mientras se te presta un servicio en una sola ocasi\u00f3n. <\/li>\n\n\n\n<li><strong>Galletas persistentes:<\/strong>permanecen almacenadas en tu ordenador, \u00absmartphone\u00bb o tableta durante un periodo determinado, que puede variar desde unos minutos hasta varios a\u00f1os.<\/li>\n\n\n\n<li><strong>\u00bfQU\u00c9 TIPO DE COOKIES PODEMOS UTILIZAR EN NUESTRA P\u00c1GINA WEB?<\/strong><\/li>\n\n\n\n<li><strong>Galletas t\u00e9cnicas:<\/strong><\/li>\n<\/ul>\n\n<p>Las cookies t\u00e9cnicas son estrictamente necesarias para que nuestra p\u00e1gina web funcione y puedas navegar con ellas. Este tipo de galletas son las que, por ejemplo, nos permiten identificarte, darte acceso a determinadas partes restringidas de la p\u00e1gina si fuera necesario, o recordar diferentes opciones o servicios ya seleccionados por ti, como tus preferencias de privacidad. Por ello, <strong>est\u00e1n activadas por defecto, no siendo necesaria tu autorizaci\u00f3n al respecto<\/strong>.  <\/p>\n\n<p>A trav\u00e9s de la configuraci\u00f3n de vuestro navegador, puedes bloquear o alertar de la presencia de este tipo de cookies, si bien este bloqueo afectar\u00e1 al funcionamiento correcto de las diferentes funcionalidades de nuestra p\u00e1gina web.<\/p>\n\n<ul class=\"wp-block-list\">\n<li><strong>Cookies de An\u00e1lisis:<\/strong><\/li>\n<\/ul>\n\n<p>Las galletas de an\u00e1lisis nos permiten estudiar la navegaci\u00f3n de los usuarios de nuestra p\u00e1gina web en general (por ejemplo, qu\u00e9 secciones de la p\u00e1gina son las m\u00e1s visitadas, qu\u00e9 servicios se utilizan m\u00e1s y si funcionan correctamente, etc.).  <\/p>\n\n<p>A partir de la informaci\u00f3n estad\u00edstica sobre la navegaci\u00f3n en nuestra p\u00e1gina web, podemos mejorar tanto el propio funcionamiento de la p\u00e1gina como los diferentes servicios que ofrece. Por lo tanto, estas cookies <strong>no tienen una finalidad publicitaria<\/strong>, sino que \u00fanicamente sirven para que nuestra p\u00e1gina web funcione mejor, adapt\u00e1ndose a nuestros usuarios en general. Activ\u00e1ndolas contribuir\u00e1s a esta mejora continua.  <\/p>\n\n<p><strong>Puede activar o desactivar estas cookies marcando la casilla correspondiente<\/strong>, estando desactivadas por defecto.<\/p>\n\n<ul class=\"wp-block-list\">\n<li><strong>Cookies de Funcionalidad y Personalizaci\u00f3n:<\/strong><\/li>\n<\/ul>\n\n<p>Las cookies de funcionalidad nos permiten recordar tus preferencias, para personalizar a tu medida determinadas caracter\u00edsticas y opciones generales de nuestra p\u00e1gina web, cada vez que accedas a ellas (por ejemplo, el idioma en el que se te presenta la informaci\u00f3n, las secciones marcadas como favoritas, tu tipo de navegador, etc.).<\/p>\n\n<p>Por lo tanto, este tipo de cookies <strong>no tienen una finalidad publicitaria<\/strong>, sino que activ\u00e1ndolas mejorar\u00e1s la funcionalidad de la p\u00e1gina web (por ejemplo, adapt\u00e1ndose a tu tipo de navegador) y la personalizaci\u00f3n de la misma en base a tus preferencias (por ejemplo, presentando la informaci\u00f3n en el idioma que hayas elegido anteriormente), lo que contribuir\u00e1 a la facilidad,  usabilidad y comodidad de nuestra p\u00e1gina durante tu navegaci\u00f3n.<\/p>\n\n<p><strong>Puede activar o desactivar estas cookies marcando la casilla correspondiente<\/strong>, estando desactivadas por defecto.<\/p>\n\n<ul class=\"wp-block-list\">\n<li><strong>Cookies de Publicidad:<\/strong><\/li>\n<\/ul>\n\n<p>Las cookies de publicidad nos permiten la gesti\u00f3n de los espacios publicitarios incluidos en nuestra p\u00e1gina web en base a criterios como el contenido mostrado o la frecuencia en que se muestran los anuncios.<\/p>\n\n<p>As\u00ed, por ejemplo, si se te ha mostrado varias veces un mismo anuncio en nuestra p\u00e1gina web, y no has mostrado un inter\u00e9s personal haciendo clic, este no volver\u00e1 a aparecer. En resumen, activando este tipo de cookies, la publicidad mostrada en nuestra p\u00e1gina web ser\u00e1 m\u00e1s \u00fatil y diversa, y menos repetitiva.  <\/p>\n\n<p><strong>Puede activar o desactivar estas cookies marcando la casilla correspondiente<\/strong>, estando desactivadas por defecto.<\/p>\n\n<ul class=\"wp-block-list\">\n<li><strong>Cookies de Publicidad Comportamental:<\/strong><\/li>\n<\/ul>\n\n<p>Las cookies de publicidad comportamental nos permiten obtener informaci\u00f3n basada en la observaci\u00f3n de tus h\u00e1bitos y comportamientos de navegaci\u00f3n en la web, con el fin de poder mostrar contenidos publicitarios que se ajusten mejor a tus gustos e intereses personales.<\/p>\n\n<p>Para que lo entiendas de manera muy sencilla, te pondremos un ejemplo ficticio: si tus \u00faltimas b\u00fasquedas en la web estuvieran relacionadas con literatura de suspenso, te mostrar\u00edamos publicidad sobre libros de suspenso.  <\/p>\n\n<p>Por lo tanto, activando este tipo de cookies, la publicidad que os mostramos en nuestra p\u00e1gina web no ser\u00e1 gen\u00e9rica, sino que estar\u00e1 orientada a vuestras b\u00fasquedas, gustos e intereses, ajust\u00e1ndose por tanto exclusivamente a ti.<\/p>\n\n<p><strong>Puede activar o desactivar estas cookies marcando la casilla correspondiente<\/strong>, estando desactivadas por defecto.<\/p>\n\n<ul class=\"wp-block-list\">\n<li><strong>\u00bfQU\u00c9 TIPO DE COOKIES SE UTILIZAN ACTUALMENTE EN NUESTRA P\u00c1GINA WEB?<\/strong><\/li>\n<\/ul>\n\n<p>A continuaci\u00f3n, procedemos a informarle sobre todos los tipos de cookies que actualmente se utilizan en nuestra p\u00e1gina web y la finalidad de cada una de las mismas:<\/p>\n\n<figure class=\"wp-block-table\"><table class=\"has-fixed-layout\"><tbody><tr><td><strong>Tipo de cookie<\/strong><\/td><td><strong>Finalidad<\/strong><\/td><td><strong>Entidad responsable y enlace a su pol\u00edtica de privacidad y protecci\u00f3n de datos  <\/strong><\/td><td><strong>Plazo de tiempo (de sesi\u00f3n\/persistente)<\/strong><\/td><\/tr><tr><td><strong>consentimiento de galletas<\/strong><\/td><td><strong>Desar el estado de consentimiento de cookies del usuario (aceptadas\/rechazadas)<\/strong><\/td><td><strong>GalletaS\u00ed (<\/strong><a href=\"https:\/\/www.cookieyes.com\/privacy-policy\/\" target=\"_blank\" rel=\"noopener\"><strong>https:\/\/www.cookieyes.com\/privacy-policy\/<\/strong><\/a><strong>)<\/strong><\/td><td><strong>Persistente<\/strong><\/td><\/tr><tr><td><strong>wp-wpml_idioma_actual<\/strong><\/td><td><strong>Recuerde el idioma actual del usuario.<\/strong><\/td><td><strong>WPML (<\/strong><a href=\"https:\/\/wpml.org\/documentation\/privacy-policy-and-gdpr-compliance\/\" target=\"_blank\" rel=\"noopener\"><strong>https:\/\/wpml.org\/documentation\/privacy-policy-and-gdpr-compliance\/<\/strong><\/a><strong>)<\/strong><\/td><td><strong>Sesi\u00f3n<\/strong><\/td><\/tr><tr><td><strong>_a<\/strong><\/td><td><strong>Anal\u00edtica: distinguir usuarios y medir l\u00fas del sitio (Google Analytics)<\/strong><\/td><td><strong>Google (<\/strong><a href=\"https:\/\/policies.google.com\/privacy\" target=\"_blank\" rel=\"noopener\"><strong>https:\/\/policies.google.com\/privacy<\/strong><\/a><strong>)<\/strong><\/td><td><strong>Persistente ~2 a\u00f1os<\/strong><\/td><\/tr><tr><td><strong>_gid<\/strong><\/td><td><strong>Anal\u00edtica: distinguir sesiones\/visitas (Google Analytics)<\/strong><\/td><td><strong>Google (<\/strong><a href=\"https:\/\/policies.google.com\/privacy\" target=\"_blank\" rel=\"noopener\"><strong>https:\/\/policies.google.com\/privacy<\/strong><\/a><strong>)<\/strong><\/td><td><strong>Persistente t\u00edpicamente ~24h<\/strong><\/td><\/tr><tr><td><strong>_ga_9YWF1L8N2K<\/strong><\/td><td><strong>Anal\u00edtica: galleta de GA4 para mantener el estado de sesi\u00f3n\/medici\u00f3n por propiedad.<\/strong><\/td><td><strong>Google (<\/strong><a href=\"https:\/\/policies.google.com\/privacy\" target=\"_blank\" rel=\"noopener\"><strong>https:\/\/policies.google.com\/privacy<\/strong><\/a><strong>)<\/strong><\/td><td><strong>Persistente<\/strong><\/td><\/tr><tr><td><strong>_ga_MTFBCJ6NTQ<\/strong><\/td><td><strong>Anal\u00edtica: galleta de GA4 para mantener el estado de sesi\u00f3n\/medici\u00f3n por propiedad.<\/strong><\/td><td><strong>Google (<\/strong><a href=\"https:\/\/policies.google.com\/privacy\" target=\"_blank\" rel=\"noopener\"><strong>https:\/\/policies.google.com\/privacy<\/strong><\/a><strong>)<\/strong><\/td><td><strong>Persistente<\/strong><\/td><\/tr><tr><td><strong>_fbp<\/strong><\/td><td><strong>Publicidad\/medici\u00f3n: galleta de Meta para medir campa\u00f1as y atribuir conversiones.<\/strong><\/td><td><strong>Meta (Facebook) (<\/strong><a href=\"https:\/\/www.facebook.com\/privacy\/policy\/\" target=\"_blank\" rel=\"noopener\"><strong>https:\/\/www.facebook.com\/privacy\/policy\/<\/strong><\/a><strong>)<\/strong><\/td><td><strong>Persistente t\u00edpicamente ~3 meses<\/strong><\/td><\/tr><tr><td><strong>_gcl_au<\/strong><\/td><td><strong>Publicidad\/medici\u00f3n: galleta de Google Ads para medir conversiones\/atribuci\u00f3n.<\/strong><\/td><td><strong>Google (<\/strong><a href=\"https:\/\/policies.google.com\/privacy\" target=\"_blank\" rel=\"noopener\"><strong>https:\/\/policies.google.com\/privacy<\/strong><\/a><strong>)<\/strong><\/td><td><strong>Persistente t\u00edpicamente ~3 meses<\/strong><\/td><\/tr><tr><td><strong>pys_first_visit, pys_start_session, pys_session_limit, last_pys_landing_page, last_pysTrafficSource, pysTrafficSource<\/strong><\/td><td><strong>Anal\u00edtica\/atribuci\u00f3n: desarte informaci\u00f3n de sesi\u00f3n y procedencia del tr\u00e1fico (PixelYourSite).<\/strong><\/td><td><strong>PixelYourSite (<\/strong><a href=\"https:\/\/www.pixelyoursite.com\/privacy-policy\" target=\"_blank\" rel=\"noopener\"><strong>https:\/\/www.pixelyoursite.com\/privacy-policy<\/strong><\/a><strong>)<\/strong><\/td><td><strong>Mixto (sesi\u00f3n y persistentes seg\u00fan galleta)<\/strong><\/td><\/tr><tr><td><strong>sbjs_current, sbjs_first, sbjs_session, sbjs_udata, sbjs_first_add, sbjs_current_add, sbjs_migrations<\/strong><\/td><td><strong>Anal\u00edtica\/atribuci\u00f3n: guardar fuente\/medio\/campa\u00f1a del tr\u00e1fico (Sourcebuster\/UTM tracking)<\/strong><\/td><td><strong>Sourcebuster (https:\/\/sourcebusterjs.com\/)<\/strong><\/td><td><strong>: Mixto (muchas de sesi\u00f3n; algunas persistentes seg\u00fan galleta)<\/strong><\/td><\/tr><\/tbody><\/table><\/figure>\n\n<ul class=\"wp-block-list\">\n<li><strong>\u00bfQU\u00c9 PUEDES HACER CON LAS COOKIES?<\/strong><\/li>\n<\/ul>\n\n<p>Cuando accedes por primera vez a nuestra p\u00e1gina web, se te muestra una ventana donde te informamos que las cookies pueden ser de varios tipos:<\/p>\n\n<ul class=\"wp-block-list\">\n<li>Las cookies t\u00e9cnicas son necesarias para que nuestra p\u00e1gina web pueda funcionar, no necesitan tu autorizaci\u00f3n y son las \u00fanicas que tenemos activadas por defecto.<\/li>\n\n\n\n<li>El resto de cookies sirven para mejorar nuestra p\u00e1gina, para personalizarla en base a tus preferencias, o para poder mostrar publicidad ajustada a tus b\u00fasquedas, gustos e intereses personales. Puedes aceptar todas estas cookies apruebe el bot\u00f3n <strong>ACEPTAR<\/strong>, rechazarlas tomando el bot\u00f3n <strong>RECHAZAR<\/strong> o configurarlas clicando en el apartado <strong>CONFIGURACI\u00d3N DE COOKIE<\/strong>S.   <\/li>\n<\/ul>\n\n<p>Informarte tambi\u00e9n de que, una vez hayas activado cualquier tipo de cookies, tienes la posibilidad de desactivarlas en el momento que quieras, con el simple paso de desmarcar la casilla correspondiente al apartado <strong>CONFIGURACI\u00d3N DE COOKIES <\/strong>de nuestra p\u00e1gina web. Siempre ser\u00e1 tan sencillo para ti activar nuestras cookies propias como desactivarlas. <\/p>\n\n<p>Recordarte asimismo que, a trav\u00e9s de la configuraci\u00f3n de tu navegador, puedes bloquear o alertar de la presencia de cookies, si bien este bloqueo puede afectar al funcionamiento correcto de las diferentes funcionalidades de nuestra p\u00e1gina web en el caso de las cookies t\u00e9cnicas necesarias.<\/p>\n\n<p>Finalmente, indicarte que, si activas <strong>cookies de terceros<\/strong> (empresas externas que prestan servicios para nuestra p\u00e1gina web) y posteriormente deseas desactivarlas, podr\u00e1s hacerlo de dos maneras: usando las herramientas de desactivaci\u00f3n de cookies de tu navegador o a trav\u00e9s de los propios sistemas habilitados por estos proveedores externos.<\/p>\n\n<p>Para que os sea mucho m\u00e1s f\u00e1cil, a continuaci\u00f3n os relacionamos una serie de enlaces a las pautas de desactivaci\u00f3n de cookies de los navegadores de uso com\u00fan:<\/p>\n\n<ul class=\"wp-block-list\">\n<li><a href=\"https:\/\/support.google.com\/accounts\/answer\/61416?co=GENIE.Platform%3DDesktop&amp;hl=es\" target=\"_blank\" rel=\"noopener\">Google Chrome<\/a>.<\/li>\n\n\n\n<li><a href=\"https:\/\/support.mozilla.org\/es\/kb\/Borrar%20cookies\" target=\"_blank\" rel=\"noopener\">Mozilla Firefox<\/a>.<\/li>\n\n\n\n<li><a href=\"https:\/\/support.microsoft.com\/es-es\/help\/278835\/how-to-delete-cookie-files-in-internet-explorer\" target=\"_blank\" rel=\"noopener\">Explorador de Internet<\/a>.<\/li>\n\n\n\n<li><a href=\"https:\/\/support.apple.com\/es-es\/guide\/safari\/sfri11471\/mac\" target=\"_blank\" rel=\"noopener\">Safari<\/a>.<\/li>\n\n\n\n<li><a href=\"https:\/\/support.apple.com\/es-es\/HT201265\" target=\"_blank\" rel=\"noopener\">Safari para iOS (iPhone y iPad)<\/a>.<\/li>\n\n\n\n<li><a href=\"https:\/\/support.google.com\/accounts\/answer\/61416?co=GENIE.Platform%3DAndroid&amp;hl=es&amp;oco=1\" target=\"_blank\" rel=\"noopener\">Google Chrome para Android<\/a>.  <\/li>\n\n\n\n<li><a href=\"https:\/\/support.google.com\/accounts\/answer\/61416?co=GENIE.Platform%3DiOS&amp;hl=es&amp;oco=1\" target=\"_blank\" rel=\"noopener\">Google Chrome para Iphone e Ipad<\/a>.<\/li>\n<\/ul>\n\n<p>Asimismo, te relacionamos los enlaces a los sistemas propios habilitados por cada uno de los referidos proveedores externos para la desactivaci\u00f3n de las cookies.<\/p>\n\n<ul class=\"wp-block-list\">\n<li>Google (pol\u00edtica de cookies\/privacidad): https:\/\/policies.google.com\/technologies\/cookies?hl=ca<\/li>\n\n\n\n<li>Google (complemento de inhabilitaci\u00f3n de Google Analytics): https:\/\/tools.google.com\/dlpage\/gaoptout?hl=ca<\/li>\n\n\n\n<li>-Meta\/Facebook (pol\u00edtica de cookies): https:\/\/www.facebook.com\/policies\/cookies\/<\/li>\n\n\n\n<li>Meta\/Facebook (preferencias de anuncios): https:\/\/www.facebook.com\/adpreferences\/<\/li>\n<\/ul>\n\n<p><strong>Muchas gracias por tu colaboraci\u00f3n<\/strong>.<\/p>\n","protected":false},"excerpt":{"rendered":"<p>POL\u00cdTICA DE COOKIES Bienvenida\/a a la POL\u00cdTICA DE COOKIES de la p\u00e1gina web de la entidad CENTRE de FORMACI\u00d3 MIR\u00d3 SLU, provista de NIF B25745001, donde te explicaremos en un lenguaje claro y sencillo todas las cuestiones necesarias para que puedas tener el control sobre la base de tus decisiones personales. Una galleta o galleta [&hellip;]<\/p>\n","protected":false},"author":1,"featured_media":0,"parent":0,"menu_order":0,"comment_status":"closed","ping_status":"closed","template":"","meta":{"_acf_changed":false,"footnotes":""},"class_list":["post-35148","page","type-page","status-publish","hentry"],"acf":[],"_links":{"self":[{"href":"https:\/\/www.formaciomiro.com\/es\/wp-json\/wp\/v2\/pages\/35148","targetHints":{"allow":["GET"]}}],"collection":[{"href":"https:\/\/www.formaciomiro.com\/es\/wp-json\/wp\/v2\/pages"}],"about":[{"href":"https:\/\/www.formaciomiro.com\/es\/wp-json\/wp\/v2\/types\/page"}],"author":[{"embeddable":true,"href":"https:\/\/www.formaciomiro.com\/es\/wp-json\/wp\/v2\/users\/1"}],"replies":[{"embeddable":true,"href":"https:\/\/www.formaciomiro.com\/es\/wp-json\/wp\/v2\/comments?post=35148"}],"version-history":[{"count":1,"href":"https:\/\/www.formaciomiro.com\/es\/wp-json\/wp\/v2\/pages\/35148\/revisions"}],"predecessor-version":[{"id":35149,"href":"https:\/\/www.formaciomiro.com\/es\/wp-json\/wp\/v2\/pages\/35148\/revisions\/35149"}],"wp:attachment":[{"href":"https:\/\/www.formaciomiro.com\/es\/wp-json\/wp\/v2\/media?parent=35148"}],"curies":[{"name":"wp","href":"https:\/\/api.w.org\/{rel}","templated":true}]}}